{"id":1402,"date":"2023-02-09T11:05:42","date_gmt":"2023-02-09T11:05:42","guid":{"rendered":"https:\/\/www.buildinglift.com\/?page_id=1402"},"modified":"2023-12-12T21:37:18","modified_gmt":"2023-12-13T05:37:18","slug":"produkt-brug-sikkerhed","status":"publish","type":"page","link":"https:\/\/www.buildinglift.com\/da\/produkt-brug-sikkerhed\/","title":{"rendered":"Produktsikkerhed"},"content":{"rendered":"<div data-elementor-type=\"wp-page\" data-elementor-id=\"1402\" class=\"elementor elementor-1402\">\n\t\t\t\t<div class=\"elementor-element elementor-element-f26b11c e-flex e-con-boxed e-con e-parent\" data-id=\"f26b11c\" data-element_type=\"container\" data-e-type=\"container\">\n\t\t\t\t\t<div class=\"e-con-inner\">\n\t\t\t\t<div class=\"elementor-element elementor-element-1051740 elementor-widget elementor-widget-text-editor\" data-id=\"1051740\" data-element_type=\"widget\" data-e-type=\"widget\" data-widget_type=\"text-editor.default\">\n\t\t\t\t<div class=\"elementor-widget-container\">\n\t\t\t\t\t\t\t\t\t<p><span style=\"color: #000000;\"><strong>Akutbehandling under byggeriet<\/strong><\/span><br \/><span style=\"color: #000000;\"><strong>Hvis du st\u00f8der p\u00e5 f\u00f8lgende s\u00e6rlige omst\u00e6ndigheder under byggeriet, b\u00f8r du forholde dig rolig og tr\u00e6ffe passende n\u00f8dforanstaltninger.<\/strong><\/span><\/p><p><span style=\"color: #000000;\"><strong>Pludseligt str\u00f8mafbrydelse under byggeriet<\/strong><\/span><br \/><span style=\"color: #000000;\">Hvis der opst\u00e5r et pludseligt str\u00f8mafbrydelse under byggeriet, skal el-boksens str\u00f8mafbryder straks afbrydes for at forhindre ulykker under str\u00f8moverf\u00f8rslen. N\u00e5r opkaldet er modtaget, t\u00e6ndes der for str\u00f8mafbryderen, og arbejdet p\u00e5begyndes, n\u00e5r kontrollen er normal.<\/span><br \/><span style=\"color: #000000;\">Hvis du har brug for at vende tilbage til jorden efter str\u00f8msvigt, skal du l\u00f8fte det manuelle nedk\u00f8rselsh\u00e5ndtag p\u00e5 taljen i begge ender, s\u00e5 oph\u00e6ngningsplatformen kan glide frit ned til <strong>jord.<\/strong><\/span><br \/><span style=\"color: #000000;\"><strong>Affjedringsplatformen kan ikke stoppes efter at knappen er sluppet under l\u00f8fte- og s\u00e6nkeprocessen.<\/strong><\/span><br \/><span style=\"color: #000000;\">N\u00e5r oph\u00e6ngningsplatformen ikke kan stoppes efter at knappen er sluppet under l\u00f8fte- og s\u00e6nkeprocessen, skal du straks trykke p\u00e5 den r\u00f8de n\u00f8dafbryder p\u00e5 elboksd\u00f8ren for at f\u00e5 oph\u00e6ngningsplatformen til at stoppe hurtigt. Sluk derefter for str\u00f8mafbryderen til elboksen, kontroller kontaktorens kontakttilstand, reng\u00f8r kontaktorens overflade for fedt og snavs, og n\u00e5r kontaktoren kan genoptage normal drift, luk for str\u00f8mafbryderen og brug den manuelle nedskydningsmetode til at s\u00e6nke oph\u00e6ngningsplatformen ned p\u00e5 jorden for vedligeholdelse.<\/span><br \/><span style=\"color: #000000;\"><strong>Oph\u00e6ngningsplatformen skal v\u00e6re vandret h\u00e6ldende og automatisk l\u00e5se rebet<\/strong><\/span><br \/><span style=\"color: #000000;\">N\u00e5r oph\u00e6ngningsplatformen glider ned under op- og nedstigningen, eller den ene ende glider til en vis grad, l\u00e5ser sikkerhedsl\u00e5sen automatisk rebet. Stop straks, drej derefter omskifteren p\u00e5 elboksen til platformens nederste ende, og tryk derefter p\u00e5 op-knappen. Den nederste ende af oph\u00e6ngningsplatformen h\u00e6ves til den vandrette genoprettelsesposition. N\u00e5r sikkerhedsl\u00e5sen automatisk genoptager opl\u00e5sningstilstanden, s\u00e6nkes oph\u00e6ngningsplatformen ned p\u00e5 jorden, og de elektromagnetiske bremsegab i begge ender kontrolleres og justeres for at opfylde kravene; eller forskellen i rotationshastighed mellem de to ender kontrolleres. Hvis forskellen er tydelig, b\u00f8r rebet udskiftes med en motor.<\/span><br \/><span style=\"color: #000000;\"><strong>L\u00f8ft maskinkortets st\u00e5lwire<\/strong><\/span><br \/><span style=\"color: #000000;\">Arbejdswiren sidder fast i taljen p\u00e5 grund af l\u00f8se tr\u00e5de, kn\u00e6k eller dele af hejsemaskinen. Byggepersonalet p\u00e5 oph\u00e6ngningsplatformen evakueres, mens sikkerheden sikres, og professionelt uddannet vedligeholdelsespersonale sendes til oph\u00e6ngningsplatformen for vedligeholdelse. F\u00f8rst vikles sikkerhedswiren p\u00e5 hejserammen i begge ender, og sikkerhedswiren fastg\u00f8res med en wiresp\u00e6nde i begge ender. L\u00f8sn derefter beskyttelsesringen p\u00e5 sikkerhedsl\u00e5sens svingarm i begge ender for at frig\u00f8re arbejdswiren fra rullen, s\u00e5 sikkerhedsl\u00e5sene i begge ender er i l\u00e5setovets tilstand. Efter at have taget ovenst\u00e5ende sikkerhedsforanstaltninger, fjernes taljens inspektionsanordning og wiren forlades, der er fastklemt. Om n\u00f8dvendigt, afsk\u00e6res h\u00e5ndledswiren og l\u00f8fted\u00e6kslet \u00e5bnes for at kontrollere og forsigtigt fjerne den tilbagev\u00e6rende wire i taljen. Samtidig udskiftes den nye wire i den tilsvarende position af oph\u00e6ngningsmekanismen, s\u00e6ttes wiren ned igen og s\u00e6ttes ind i taljen for at stramme wiren, derefter s\u00e6ttes arbejdswiren i sikkerhedsl\u00e5sens svinghjulsrille og beskyttelsesringen monteres. Efter at sikkerhedsl\u00e5sen er \u00e5bnet, l\u00f8ftes oph\u00e6ngningsplatformen ca. 0,5 m for at stoppe, rebsp\u00e6ndet p\u00e5 sikkerhedswiren fjernes, og sikkerhedswiren placeres i lodret position, hvorefter oph\u00e6ngningsplatformen s\u00e6nkes ned p\u00e5 jorden, og efter grundig inspektion og vedligeholdelse af taljen kan gruppen forts\u00e6tte med at bruge den.<\/span><br \/><span style=\"color: #000000;\"><strong>N\u00e5r det fungerende st\u00e5lwire kn\u00e6kker<\/strong><\/span><br \/><span style=\"color: #000000;\">N\u00e5r arbejdswiren kn\u00e6kker i den ene ende af oph\u00e6ngningsplatformen, vippes oph\u00e6ngningsplatformen, og sikkerhedsl\u00e5sen lukker automatisk, n\u00e5r arbejdspositionen vippes, og oph\u00e6ngningsplatformen l\u00e5ses i sikkerhedswiren. P\u00e5 dette tidspunkt skal byggepersonalet p\u00e5 oph\u00e6ngningsplatformen forblive roligt, og det er strengt forbudt at l\u00f8be og hoppe i oph\u00e6ngningsplatformen og h\u00e5ndtere n\u00f8dforanstaltninger, n\u00e5r de respektive wirer sidder fast i elevatoren.<\/span><\/p><p><span style=\"color: #000000;\"><strong>Installation, justering og forholdsregler for oph\u00e6ngningsmekanismen<\/strong><\/span><\/p><p><span style=\"color: #000000;\">Ved montering af gulvet skal der v\u00e6lges et vandret plan. N\u00e5r der er en h\u00e6ldning, skal den v\u00e6re p\u00e5lideligt nivelleret under vinkelhjulet. Hvis monteringsfladen er vandt\u00e6t og isoleret, skal den polstres 2,5~3 cm tykt under for- og bags\u00e6derne for at forhindre knusning. Vandt\u00e6t isoleringsniveau.<\/span><br \/><span style=\"color: #000000;\">H\u00f8jden p\u00e5 den justerbare st\u00f8ttebeslag skal v\u00e6re s\u00e5dan, at den nederste side af den forreste bj\u00e6lke er en smule h\u00f8jere end h\u00f8jden af brystv\u00e6rnet (eller andre forhindringer). Hvis det er muligt, forl\u00e6nges den nederste side af den forreste bj\u00e6lke efter at oph\u00e6ngningsmekanismen er placeret. Datterens v\u00e6g fastg\u00f8res med tr\u00e6klodser.<\/span><br \/><span style=\"color: #000000;\">Det nominelle udh\u00e6ngsomr\u00e5de for den forreste bj\u00e6lkes overh\u00e6ngende ende er 0,3~1,5 meter. N\u00e5r det nominelle udh\u00e6ng overskrides, skal der tr\u00e6ffes p\u00e5lidelige forst\u00e6rkningsforanstaltninger og nominelle arbejdsbelastninger, som skal bekr\u00e6ftes af den ansvarlige afdeling f\u00f8r brug.<\/span><br \/><span style=\"color: #000000;\">Afstanden mellem fors\u00e6derne og bags\u00e6derne b\u00f8r justeres til den maksimale afstand, der er mulig under forholdene p\u00e5 stedet.<\/span><br \/><span style=\"color: #000000;\">Afstanden mellem de to beslag skal justeres til en afstand p\u00e5 3 til 5 cm mindre end oph\u00e6ngningsplatformens l\u00e6ngde.<\/span><br \/><span style=\"color: #000000;\">N\u00e5r st\u00e5lwiren strammes, skal den forreste bj\u00e6lke drejes en smule opad med 3~5 cm for at skabe forsp\u00e6nding og forbedre den forreste bj\u00e6lkes stivhed.<\/span><br \/><span style=\"color: #000000;\">N\u00e5r st\u00e5lwiren er fastsp\u00e6ndt, er antallet af wireklemmer ikke mindre end tre, og den U-formede \u00e5bning og st\u00e5lwirens bagende er modsat hinanden, og retningerne er de samme. Wireklemmerne skal fastsp\u00e6ndes i r\u00e6kkef\u00f8lge fra l\u00f8ftepunktet, og mellem den sidste wireklemme og den foreg\u00e5ende wireklemme skal wiren v\u00e6re let buet. N\u00e5r wireklemmem\u00f8trikken strammes, skal wiren fladtrykes til 1\/2 til 1\/3 diameter.<\/span><br \/><span style=\"color: #000000;\">N\u00e5r st\u00e5lwiren l\u00e6gges, skal st\u00e5lwirens frie skive placeres p\u00e5 gulvet. Wirehovedet skal forsigtigt tr\u00e6kkes ud og derefter langsomt glide ned langs forsiden. Det er strengt forbudt at kaste st\u00e5lwiren ned i skiven. N\u00e5r st\u00e5lwiren er f\u00e6rdig, skal det sammenfiltrede reb forsigtigt presses separat. Overskydende st\u00e5lwire p\u00e5 jorden skal pakkes omhyggeligt t\u00e6t, og jorden m\u00e5 ikke spredes vilk\u00e5rligt.<\/span><\/p><p><span style=\"color: #000000;\"><strong>Standarder for skrotning af st\u00f8rre komponenter<\/strong><\/span><br \/><span style=\"color: #000000;\">Hovedkraftbeslag p\u00e5 oph\u00e6ngt arbejdsplatform: N\u00e5r oph\u00e6ngningsmekanismen eller oph\u00e6ngningsplatformen ser ud som f\u00f8lger, skal den skrottes.<\/span><\/p><p><span style=\"color: #000000;\">Efter den generelle ustabilitet m\u00e5 den ikke repareres og skal skrottes.<\/span><br \/><span style=\"color: #000000;\">N\u00e5r der opst\u00e5r permanent deformation, som ikke kan repareres, skal den skrottes.<\/span><br \/><span style=\"color: #000000;\">N\u00e5r nogle komponenter er permanent deformerede og ikke kan repareres, og overfladekorrosionen eller sliddybden overstiger 10% af den originale komponent, skal de tilsvarende komponenter skrottes.<\/span><br \/><span style=\"color: #000000;\">N\u00e5r der opst\u00e5r revner i konstruktionsdele og svejsninger, kan de oprindelige designkrav opfyldes efter reparation eller forst\u00e6rkning, afh\u00e6ngigt af sp\u00e6ndingssituationen og revneforholdene, og der skal foretages reparationer for at forst\u00e6rke foranstaltningerne, f\u00f8r de kan forts\u00e6tte med at blive brugt. Ellers b\u00f8r de skrottes.<\/span><\/p><p><span style=\"color: #000000;\"><strong>Hvad er de vigtigste sikkerhedsforanstaltninger for udstyr til oph\u00e6ngte arbejdsplatforme?<\/strong><\/span><br \/><span style=\"color: #000000;\">A. LSB-sikkerhedsl\u00e5s af svingarmstypen; kan l\u00e5se sikkerhedswiren, n\u00e5r arbejdsplatformens h\u00e6ldningsvinkel er st\u00f8rre end 3-8\u00b0, eller arbejdswiren er brudt;<\/span><br \/><span style=\"color: #000000;\">B. Manuel udl\u00f8sning: Den kan s\u00e6nkes j\u00e6vnt, n\u00e5r str\u00f8mforsyningen afbrydes, f.eks. ved str\u00f8msvigt, for at sikre, at operat\u00f8ren n\u00e5r jorden sikkert;<\/span><br \/><span style=\"color: #000000;\">C. Beskyttelse mod hastighedsbegr\u00e6nsning: N\u00e5r den nedadg\u00e5ende hastighed overstiger den definerede sikre hastighed, aktiveres centrifugaldecelerationsanordningen for at s\u00e6nke nedadg\u00e5ende hastighed;<\/span><br \/><span style=\"color: #000000;\">D. Gr\u00e6nsebeskyttelse: Afbryder automatisk str\u00f8mforsyningen, n\u00e5r kurvudstyret overstiger den manuelt indstillede maksimale gr\u00e6nse, og aktiverer alarmklokken;<\/span><br \/><span style=\"color: #000000;\">E. Elektrisk overbelastningsbeskyttelse: Hvis motoren er unormal, eller kredsl\u00f8bet er unormalt, og motoren er overbelastet, skal kontaktorens styrekredsl\u00f8b afbrydes for at afbryde hovedkredsl\u00f8bet.<\/span><br \/><span style=\"color: #000000;\">F. L\u00e6kagebeskyttelse: Operat\u00f8ren lukker automatisk hele kredsl\u00f8bet, n\u00e5r operat\u00f8ren ved et uheld oplader det elektriske legeme og l\u00e6kker;<\/span><br \/><span style=\"color: #000000;\">G. N\u00f8dstop: Afbryd hovedstyringssl\u00f8jfen i tilf\u00e6lde af pludselig unormalitet (f.eks. automatisk h\u00e6vning eller s\u00e6nkning).<\/span><\/p>\t\t\t\t\t\t\t\t<\/div>\n\t\t\t\t<\/div>\n\t\t\t\t\t<\/div>\n\t\t\t\t<\/div>\n\t\t\t\t<\/div>","protected":false},"excerpt":{"rendered":"<p>Emergency treatment during constructionDuring the construction, if you encounter the following special circumstances, you should keep calm and take appropriate emergency measures. Sudden power outage during constructionWhen there is a sudden power outage during construction, the power switch of the electric box should be cut off immediately to prevent accidents during power transmission. After receiving [&hellip;]<\/p>\n","protected":false},"author":1,"featured_media":0,"parent":0,"menu_order":0,"comment_status":"closed","ping_status":"closed","template":"","meta":{"footnotes":""},"class_list":["post-1402","page","type-page","status-publish","hentry"],"acf":[],"_links":{"self":[{"href":"https:\/\/www.buildinglift.com\/da\/wp-json\/wp\/v2\/pages\/1402","targetHints":{"allow":["GET"]}}],"collection":[{"href":"https:\/\/www.buildinglift.com\/da\/wp-json\/wp\/v2\/pages"}],"about":[{"href":"https:\/\/www.buildinglift.com\/da\/wp-json\/wp\/v2\/types\/page"}],"author":[{"embeddable":true,"href":"https:\/\/www.buildinglift.com\/da\/wp-json\/wp\/v2\/users\/1"}],"replies":[{"embeddable":true,"href":"https:\/\/www.buildinglift.com\/da\/wp-json\/wp\/v2\/comments?post=1402"}],"version-history":[{"count":0,"href":"https:\/\/www.buildinglift.com\/da\/wp-json\/wp\/v2\/pages\/1402\/revisions"}],"wp:attachment":[{"href":"https:\/\/www.buildinglift.com\/da\/wp-json\/wp\/v2\/media?parent=1402"}],"curies":[{"name":"wp","href":"https:\/\/api.w.org\/{rel}","templated":true}]}}