{"id":5896,"date":"2023-10-19T13:27:45","date_gmt":"2023-10-19T13:27:45","guid":{"rendered":"https:\/\/www.buildinglift.com\/?post_type=product&#038;p=5896"},"modified":"2023-12-12T22:32:33","modified_gmt":"2023-12-13T06:32:33","slug":"automaticky-nuzkovy-zvedak-10-25-m-vysoke-kvality-350-500-800-kg-1-tuna-hydraulicky-elektricky-zvedak-s-prislusenstvim","status":"publish","type":"product","link":"https:\/\/www.buildinglift.com\/cs\/produkt\/automaticky-nuzkovy-zvedak-10-25-m-vysoke-kvality-350-500-800-kg-1-tuna-hydraulicky-elektricky-zvedak-s-prislusenstvim\/","title":{"rendered":"Automatick\u00fd n\u016f\u017ekov\u00fd zved\u00e1k vysok\u00e9 kvality 10-25M, 350, 500, 800 kg, 1 tuna, hydraulick\u00fd elektrick\u00fd zved\u00e1k s p\u0159\u00edslu\u0161enstv\u00edm"},"content":{"rendered":"<p><strong>Popis produktu<\/strong><br \/>\nN\u00e1\u0161 samoj\u00edzdn\u00fd mobiln\u00ed n\u016f\u017ekov\u00fd zved\u00e1k se pou\u017e\u00edv\u00e1 hlavn\u011b ke zved\u00e1n\u00ed pracovn\u00edk\u016f do vysok\u00fdch m\u00edst za \u00fa\u010delem oprav, \u00fadr\u017eby, \u010di\u0161t\u011bn\u00ed nebo instalace a podobn\u011b. M\u016f\u017eete jej snadno p\u0159esunout na spr\u00e1vn\u00e9 pracovn\u00ed m\u00edsto.<br \/>\njedna osoba obsluhuj\u00edc\u00ed plo\u0161inu pro pohyb vzad, vp\u0159ed, ot\u00e1\u010den\u00ed, a to i v maxim\u00e1ln\u00ed v\u00fd\u0161ce. Tento typ tak\u00e9 <a href=\"https:\/\/www.buildinglift.com\/product\/automatic-10-25m-high-quality-elevator-scissor-lift-350-500-800kg-1-ton-hydraulic-electric-lift-with-attachments\/\">mobiln\u00ed n\u016f\u017ekov\u00fd zved\u00e1k<\/a> lze instalovat s poh\u00e1n\u011bn\u00fdm kolem pro ru\u010dn\u00ed pohyb bez jak\u00fdchkoli obt\u00ed\u017e\u00ed.<\/p>\n<p><a href=\"https:\/\/www.buildinglift.com\/wp-content\/uploads\/H559669909c4843a4bcc8e5cda100bf0fH.png\"><img fetchpriority=\"high\" decoding=\"async\" class=\"alignnone size-full wp-image-5901\" src=\"https:\/\/www.buildinglift.com\/wp-content\/uploads\/H559669909c4843a4bcc8e5cda100bf0fH.png\" alt=\"\" width=\"790\" height=\"495\" srcset=\"https:\/\/www.buildinglift.com\/wp-content\/uploads\/H559669909c4843a4bcc8e5cda100bf0fH.png 790w, https:\/\/www.buildinglift.com\/wp-content\/uploads\/H559669909c4843a4bcc8e5cda100bf0fH-600x376.png 600w, https:\/\/www.buildinglift.com\/wp-content\/uploads\/H559669909c4843a4bcc8e5cda100bf0fH-300x188.png 300w, https:\/\/www.buildinglift.com\/wp-content\/uploads\/H559669909c4843a4bcc8e5cda100bf0fH-768x481.png 768w, https:\/\/www.buildinglift.com\/wp-content\/uploads\/H559669909c4843a4bcc8e5cda100bf0fH-18x12.png 18w\" sizes=\"(max-width: 790px) 100vw, 790px\" \/><\/a><\/p>","protected":false},"excerpt":{"rendered":"<p>N\u00e1\u0161 samohybn\u00fd mobiln\u00ed n\u016f\u017ekov\u00fd zved\u00e1k se pou\u017e\u00edv\u00e1 hlavn\u011b ke zved\u00e1n\u00ed pracovn\u00edk\u016f do vysok\u00fdch m\u00edst za \u00fa\u010delem oprav, \u00fadr\u017eby, \u010di\u0161t\u011bn\u00ed nebo instalace a podobn\u011b. M\u016f\u017eete jej snadno p\u0159esunout na spr\u00e1vn\u00e9 pracovn\u00ed m\u00edsto.<\/p>","protected":false},"featured_media":5900,"template":"","meta":[],"product_brand":[],"product_cat":[149],"product_tag":[],"class_list":{"0":"post-5896","1":"product","2":"type-product","3":"status-publish","4":"has-post-thumbnail","6":"product_cat-elevator-scissor-lift","8":"first","9":"instock","10":"shipping-taxable","11":"product-type-simple"},"acf":[],"_links":{"self":[{"href":"https:\/\/www.buildinglift.com\/cs\/wp-json\/wp\/v2\/product\/5896","targetHints":{"allow":["GET"]}}],"collection":[{"href":"https:\/\/www.buildinglift.com\/cs\/wp-json\/wp\/v2\/product"}],"about":[{"href":"https:\/\/www.buildinglift.com\/cs\/wp-json\/wp\/v2\/types\/product"}],"version-history":[{"count":0,"href":"https:\/\/www.buildinglift.com\/cs\/wp-json\/wp\/v2\/product\/5896\/revisions"}],"wp:featuredmedia":[{"embeddable":true,"href":"https:\/\/www.buildinglift.com\/cs\/wp-json\/wp\/v2\/media\/5900"}],"wp:attachment":[{"href":"https:\/\/www.buildinglift.com\/cs\/wp-json\/wp\/v2\/media?parent=5896"}],"wp:term":[{"taxonomy":"product_brand","embeddable":true,"href":"https:\/\/www.buildinglift.com\/cs\/wp-json\/wp\/v2\/product_brand?post=5896"},{"taxonomy":"product_cat","embeddable":true,"href":"https:\/\/www.buildinglift.com\/cs\/wp-json\/wp\/v2\/product_cat?post=5896"},{"taxonomy":"product_tag","embeddable":true,"href":"https:\/\/www.buildinglift.com\/cs\/wp-json\/wp\/v2\/product_tag?post=5896"}],"curies":[{"name":"wp","href":"https:\/\/api.w.org\/{rel}","templated":true}]}}