{"id":5889,"date":"2023-10-19T13:13:03","date_gmt":"2023-10-19T13:13:03","guid":{"rendered":"https:\/\/www.buildinglift.com\/?post_type=product&#038;p=5889"},"modified":"2023-12-12T22:32:00","modified_gmt":"2023-12-13T06:32:00","slug":"baterie-napajena-220v-mobilni-elektricka-samohybna-hydraulicka-nuzkova-zdvihaci-plosina-s-dobrou-cenou","status":"publish","type":"product","link":"https:\/\/www.buildinglift.com\/cs\/produkt\/baterie-napajena-220v-mobilni-elektricka-samohybna-hydraulicka-nuzkova-zdvihaci-plosina-s-dobrou-cenou\/","title":{"rendered":"Mobiln\u00ed elektrick\u00fd samohybn\u00fd hydraulick\u00fd n\u016f\u017ekov\u00fd zvedac\u00ed st\u016fl s bateriov\u00fdm pohonem 220 V za dobrou cenu"},"content":{"rendered":"<p><strong>Popis produktu<\/strong><br \/>\nTen\/Ta\/To <a href=\"https:\/\/www.buildinglift.com\/product\/battery-powered-220v-mobile-electric-self-propelled-hydraulic-scissor-lift-platform-table-with-good-price\/\">mobiln\u00ed n\u016f\u017ekov\u00e1 zvedac\u00ed plo\u0161ina<\/a> m\u00e1 v\u00fd\u0161ku zdvihu od 4 m do 18 m a nosnost od 300 kg do 500 kg, s ru\u010dn\u00edm provozem, elektrick\u00fdm, bateriov\u00fdm a naftov\u00fdm zdvihem atd. Pro speci\u00e1ln\u00ed m\u00edsta lze zvolit elektrick\u00e9 za\u0159\u00edzen\u00ed v nev\u00fdbu\u0161n\u00e9m proveden\u00ed;<\/p>\n<p>Plo\u0161ina pro odstran\u011bn\u00ed ovl\u00e1dac\u00edho za\u0159\u00edzen\u00ed m\u016f\u017ee b\u00fdt instalov\u00e1na podle pot\u0159eb u\u017eivatele, co\u017e m\u00e1 v\u00fdhody, jako je snadn\u00e1 manipulace, velk\u00fd povrch a vysok\u00e1 nosnost, co\u017e umo\u017e\u0148uje sou\u010dasn\u00fd provoz n\u011bkolika osob a bezpe\u010dnost a spolehlivost, tak\u017ee je to optim\u00e1ln\u00ed produkt pro leteck\u00e9 zved\u00e1n\u00ed.<\/p>\n<p><strong>Hlavn\u00ed vlastnosti<\/strong><br \/>\n(1) 4 v\u00fdlo\u017en\u00edky, bezpe\u010dn\u00e9 a stabiln\u00ed<br \/>\n(2) \u010cty\u0159i kola, snadno se pohybuj\u00ed<br \/>\n(3) <a href=\"https:\/\/www.buildinglift.com\/product-category\/elevator-scissor-lift\/\">Konstrukce z vysokopevnostn\u00ed manganov\u00e9 oceli<\/a>, siln\u00fd a robustn\u00ed<br \/>\n(4) dvojit\u00fd \u0159\u00eddic\u00ed syst\u00e9m, ovl\u00e1d\u00e1n\u00ed ze zem\u011b + ovl\u00e1d\u00e1n\u00ed z plo\u0161iny<br \/>\n(5) Velk\u00fd st\u016fl, vysok\u00e1 nosnost, umo\u017e\u0148uj\u00edc\u00ed sou\u010dasnou pr\u00e1ci n\u011bkolika osob\u00e1m.<br \/>\n(6) Nap\u00e1jen\u00ed je mo\u017en\u00e9 zvolit mezi st\u0159\u00eddav\u00fdm, stejnosm\u011brn\u00fdm nebo vzn\u011btov\u00fdm motorem.<\/p>\n<p><strong>Rozsah dod\u00e1vky<\/strong><br \/>\nNa\u0161e spole\u010dnost dod\u00e1v\u00e1 kloubov\u00e9 plo\u0161iny s vlastn\u00edm pohonem s v\u00fd\u0161kou zdvihu: 4-18 m, pracovn\u00ed v\u00fd\u0161kou: 6 metr\u016f a\u017e 20 metr\u016f, nosnost\u00ed: 500 kg nebo 300 kg<\/p>\n<p><strong>TECHNICK\u00c9 \u00daDAJE<\/strong><br \/>\nMaxim\u00e1ln\u00ed v\u00fd\u0161ka plo\u0161iny: 4 metry a\u017e 18 metr\u016f<br \/>\nMaxim\u00e1ln\u00ed pracovn\u00ed v\u00fd\u0161ka: 6 metr\u016f a\u017e 20 metr\u016f<br \/>\n3. nosnost: 500 kg, 300 kg nebo na m\u00edru.<br \/>\nZdroj energie: pohyb tahem nebo elektricky, zved\u00e1n\u00ed a spou\u0161t\u011bn\u00ed st\u0159\u00eddav\u00fdm, stejnosm\u011brn\u00fdm nebo naftov\u00fdm motorem.<br \/>\nBarva: Modr\u00e1 a \u0161ed\u00e1 nebo dle va\u0161eho po\u017eadavku<br \/>\nZ\u00e1bradl\u00ed: 1 m vysok\u00e9, odn\u00edmateln\u00e9, snadno pou\u017eiteln\u00e9<br \/>\nHorizont\u00e1ln\u00ed prodlou\u017een\u00ed plo\u0161iny: 0,5 metru (voliteln\u00e9 proveden\u00ed)<br \/>\nstoupavost\uff1a20%<\/p>\n<p><a href=\"https:\/\/www.buildinglift.com\/wp-content\/uploads\/H11f0cd10b2eb45e5a9352996cf625bd34.jpg\"><img fetchpriority=\"high\" decoding=\"async\" class=\"alignnone size-full wp-image-5895\" src=\"https:\/\/www.buildinglift.com\/wp-content\/uploads\/H11f0cd10b2eb45e5a9352996cf625bd34.jpg\" alt=\"\" width=\"750\" height=\"595\" srcset=\"https:\/\/www.buildinglift.com\/wp-content\/uploads\/H11f0cd10b2eb45e5a9352996cf625bd34.jpg 750w, https:\/\/www.buildinglift.com\/wp-content\/uploads\/H11f0cd10b2eb45e5a9352996cf625bd34-600x476.jpg 600w, https:\/\/www.buildinglift.com\/wp-content\/uploads\/H11f0cd10b2eb45e5a9352996cf625bd34-300x238.jpg 300w, https:\/\/www.buildinglift.com\/wp-content\/uploads\/H11f0cd10b2eb45e5a9352996cf625bd34-15x12.jpg 15w\" sizes=\"(max-width: 750px) 100vw, 750px\" \/><\/a><\/p>","protected":false},"excerpt":{"rendered":"<p>Plo\u0161ina pro odstran\u011bn\u00ed ovl\u00e1dac\u00edho za\u0159\u00edzen\u00ed m\u016f\u017ee b\u00fdt instalov\u00e1na podle pot\u0159eb u\u017eivatele, co\u017e m\u00e1 v\u00fdhody, jako je snadn\u00e1 manipulace, velk\u00fd povrch a vysok\u00e1 nosnost, co\u017e umo\u017e\u0148uje sou\u010dasn\u00fd provoz n\u011bkolika osob a bezpe\u010dnost a spolehlivost, tak\u017ee je to optim\u00e1ln\u00ed produkt pro leteck\u00e9 zved\u00e1n\u00ed.<\/p>","protected":false},"featured_media":5892,"template":"","meta":[],"product_brand":[],"product_cat":[149],"product_tag":[170,171],"class_list":{"0":"post-5889","1":"product","2":"type-product","3":"status-publish","4":"has-post-thumbnail","6":"product_cat-elevator-scissor-lift","7":"product_tag-hydraulic-scissor-lift-platform","8":"product_tag-mobile-electric-self-propelled","10":"first","11":"instock","12":"shipping-taxable","13":"product-type-simple"},"acf":[],"_links":{"self":[{"href":"https:\/\/www.buildinglift.com\/cs\/wp-json\/wp\/v2\/product\/5889","targetHints":{"allow":["GET"]}}],"collection":[{"href":"https:\/\/www.buildinglift.com\/cs\/wp-json\/wp\/v2\/product"}],"about":[{"href":"https:\/\/www.buildinglift.com\/cs\/wp-json\/wp\/v2\/types\/product"}],"version-history":[{"count":0,"href":"https:\/\/www.buildinglift.com\/cs\/wp-json\/wp\/v2\/product\/5889\/revisions"}],"wp:featuredmedia":[{"embeddable":true,"href":"https:\/\/www.buildinglift.com\/cs\/wp-json\/wp\/v2\/media\/5892"}],"wp:attachment":[{"href":"https:\/\/www.buildinglift.com\/cs\/wp-json\/wp\/v2\/media?parent=5889"}],"wp:term":[{"taxonomy":"product_brand","embeddable":true,"href":"https:\/\/www.buildinglift.com\/cs\/wp-json\/wp\/v2\/product_brand?post=5889"},{"taxonomy":"product_cat","embeddable":true,"href":"https:\/\/www.buildinglift.com\/cs\/wp-json\/wp\/v2\/product_cat?post=5889"},{"taxonomy":"product_tag","embeddable":true,"href":"https:\/\/www.buildinglift.com\/cs\/wp-json\/wp\/v2\/product_tag?post=5889"}],"curies":[{"name":"wp","href":"https:\/\/api.w.org\/{rel}","templated":true}]}}