{"id":5866,"date":"2023-10-19T12:07:31","date_gmt":"2023-10-19T12:07:31","guid":{"rendered":"https:\/\/www.buildinglift.com\/?post_type=product&#038;p=5866"},"modified":"2023-12-12T22:27:58","modified_gmt":"2023-12-13T06:27:58","slug":"rucni-ovladani-mobilni-mini-jerab-prenosny-maly-vytah-podlahovy-jerab-200kg-300kg-500kg-800kg-1000kg-motor-na-miru-80","status":"publish","type":"product","link":"https:\/\/www.buildinglift.com\/cs\/produkt\/rucni-ovladani-mobilni-mini-jerab-prenosny-maly-vytah-podlahovy-jerab-200kg-300kg-500kg-800kg-1000kg-motor-na-miru-80\/","title":{"rendered":"Ru\u010dn\u00ed ovl\u00e1d\u00e1n\u00ed mobiln\u00edho mini je\u0159\u00e1bu, p\u0159enosn\u00e9ho mal\u00e9ho podlahov\u00e9ho je\u0159\u00e1bu, 200 kg, 300 kg, 500 kg, 800 kg, 1000 kg, motoru, na m\u00edru, dod\u00e1no 80"},"content":{"rendered":"<p><strong>Product Description\uff1a<\/strong><br \/>\nOutdoor cranes are also <a href=\"https:\/\/www.buildinglift.com\/product\/hand-operation-mobile-mini-crane-portable-small-lift-floor-crane-200kg-300kg-500kg-800kg-1000kg-motor-customized-provided-80\/\">called small cranes<\/a>, portable cranes, mini cranes, electric cranes, etc.<br \/>\nStructural features of outdoor crane:<br \/>\nThis product is small in size, light in weight, compact and easy to operate. It uses 380V\/220V voltage and is suitable for decoration, lifting operations, installation equipment, moving companies, factories, workshops, light industry, heavy industry, maintenance, warehouses, logistics, etc. The machine is composed of two parts: power unit and bracket.<br \/>\n1. The power unit is composed of a motor, a reducer, a clutch, a brake, a rope drum and a steel wire rope. The motor is a magnetic single-phase capacitor motor, which is designed with a mechanism that brakes when the power is turned off; the motor is also equipped with a thermal switch, and the reducer is a two-stage gear reduction, which is fixedly connected to the motor; the brake and the fly tube are installed as a whole, which can be To achieve rapid decline.<br \/>\n2. The support part is composed of the main support rod and the cantilever boom. The rotating arm can rotate 360 degrees on the main pole, and a travel switch is provided at the end of the arm to prevent lifting accidents caused by operating errors or button failure. Operate the button starter to realize the forward and reverse rotation of the motor. The wire rope can be wound and released, and part of the bracket is hoisted by pulleys, and the objects are lowered to complete the hoisting operation.<\/p>\n<p><a href=\"https:\/\/www.buildinglift.com\/wp-content\/uploads\/Hea4ac00bb7db491598bec99393918ab8F.jpg\"><img fetchpriority=\"high\" decoding=\"async\" class=\"alignnone size-full wp-image-5874\" src=\"https:\/\/www.buildinglift.com\/wp-content\/uploads\/Hea4ac00bb7db491598bec99393918ab8F.jpg\" alt=\"\" width=\"750\" height=\"1774\" srcset=\"https:\/\/www.buildinglift.com\/wp-content\/uploads\/Hea4ac00bb7db491598bec99393918ab8F.jpg 750w, https:\/\/www.buildinglift.com\/wp-content\/uploads\/Hea4ac00bb7db491598bec99393918ab8F-600x1419.jpg 600w, https:\/\/www.buildinglift.com\/wp-content\/uploads\/Hea4ac00bb7db491598bec99393918ab8F-127x300.jpg 127w, https:\/\/www.buildinglift.com\/wp-content\/uploads\/Hea4ac00bb7db491598bec99393918ab8F-433x1024.jpg 433w, https:\/\/www.buildinglift.com\/wp-content\/uploads\/Hea4ac00bb7db491598bec99393918ab8F-649x1536.jpg 649w, https:\/\/www.buildinglift.com\/wp-content\/uploads\/Hea4ac00bb7db491598bec99393918ab8F-5x12.jpg 5w\" sizes=\"(max-width: 750px) 100vw, 750px\" \/><\/a><\/p>","protected":false},"excerpt":{"rendered":"<p>Outdoor cranes are also called small cranes, portable cranes, mini cranes, electric cranes, etc<\/p>","protected":false},"featured_media":5871,"template":"","meta":[],"product_brand":[],"product_cat":[148],"product_tag":[166,167],"class_list":{"0":"post-5866","1":"product","2":"type-product","3":"status-publish","4":"has-post-thumbnail","6":"product_cat-construction-mini-crane","7":"product_tag-mini-crane-portable","8":"product_tag-small-lift-floor-crane","10":"first","11":"instock","12":"shipping-taxable","13":"product-type-simple"},"acf":[],"_links":{"self":[{"href":"https:\/\/www.buildinglift.com\/cs\/wp-json\/wp\/v2\/product\/5866","targetHints":{"allow":["GET"]}}],"collection":[{"href":"https:\/\/www.buildinglift.com\/cs\/wp-json\/wp\/v2\/product"}],"about":[{"href":"https:\/\/www.buildinglift.com\/cs\/wp-json\/wp\/v2\/types\/product"}],"version-history":[{"count":0,"href":"https:\/\/www.buildinglift.com\/cs\/wp-json\/wp\/v2\/product\/5866\/revisions"}],"wp:featuredmedia":[{"embeddable":true,"href":"https:\/\/www.buildinglift.com\/cs\/wp-json\/wp\/v2\/media\/5871"}],"wp:attachment":[{"href":"https:\/\/www.buildinglift.com\/cs\/wp-json\/wp\/v2\/media?parent=5866"}],"wp:term":[{"taxonomy":"product_brand","embeddable":true,"href":"https:\/\/www.buildinglift.com\/cs\/wp-json\/wp\/v2\/product_brand?post=5866"},{"taxonomy":"product_cat","embeddable":true,"href":"https:\/\/www.buildinglift.com\/cs\/wp-json\/wp\/v2\/product_cat?post=5866"},{"taxonomy":"product_tag","embeddable":true,"href":"https:\/\/www.buildinglift.com\/cs\/wp-json\/wp\/v2\/product_tag?post=5866"}],"curies":[{"name":"wp","href":"https:\/\/api.w.org\/{rel}","templated":true}]}}