{"id":217,"date":"2020-04-12T12:59:05","date_gmt":"2020-04-12T12:59:05","guid":{"rendered":"https:\/\/gridvalley.net\/wp\/industroz\/dummy\/?page_id=217"},"modified":"2023-12-12T21:21:50","modified_gmt":"2023-12-13T05:21:50","slug":"faq","status":"publish","type":"page","link":"https:\/\/www.buildinglift.com\/cs\/faq\/","title":{"rendered":"\u010casto kladen\u00e9 ot\u00e1zky"},"content":{"rendered":"\t\t<div data-elementor-type=\"wp-page\" data-elementor-id=\"217\" class=\"elementor elementor-217\">\n\t\t\t\t\t\t<section class=\"elementor-section elementor-top-section elementor-element elementor-element-bc2fe36 elementor-section-boxed elementor-section-height-default elementor-section-height-default\" data-id=\"bc2fe36\" data-element_type=\"section\" data-e-type=\"section\">\n\t\t\t\t\t\t<div class=\"elementor-container elementor-column-gap-default\">\n\t\t\t\t\t<div class=\"elementor-column elementor-col-100 elementor-top-column elementor-element elementor-element-ec0690f\" data-id=\"ec0690f\" data-element_type=\"column\" data-e-type=\"column\">\n\t\t\t<div class=\"elementor-widget-wrap elementor-element-populated\">\n\t\t\t\t\t\t<div class=\"elementor-element elementor-element-40d07a2 elementor-widget elementor-widget-fancy-heading\" data-id=\"40d07a2\" data-element_type=\"widget\" data-e-type=\"widget\" data-widget_type=\"fancy-heading.default\">\n\t\t\t\t<div class=\"elementor-widget-container\">\n\t\t\t\t\t\t\t\n\t\t\t<div class=\"section-head left wt-small-separator-outer\">\n\t\t\t\t\t\t\t\t\t<div class=\"wt-small-separator site-text-primary\">\n\t\t\t\t\t\t<div class=\"sep-leaf-left\"><\/div>\n\t\t\t\t\t\t<div> Frequently Asked Questions? <\/div>\n\t\t\t\t\t\t<div class=\"sep-leaf-right\"><\/div>\n\t\t\t\t\t<\/div>\t\n\t\t\t\t\t\t\t\t\t\n\t\t\t\t<h2>Find informative answers to all your questions below.<\/h2>\n\t\t\t<\/div>\n\t\t\t\t\t\t\t<\/div>\n\t\t\t\t<\/div>\n\t\t\t\t\t<\/div>\n\t\t<\/div>\n\t\t\t\t\t<\/div>\n\t\t<\/section>\n\t\t\t\t<section class=\"elementor-section elementor-top-section elementor-element elementor-element-7873817 elementor-section-boxed elementor-section-height-default elementor-section-height-default\" data-id=\"7873817\" data-element_type=\"section\" data-e-type=\"section\">\n\t\t\t\t\t\t<div class=\"elementor-container elementor-column-gap-default\">\n\t\t\t\t\t<div class=\"elementor-column elementor-col-66 elementor-top-column elementor-element elementor-element-8bfc246\" data-id=\"8bfc246\" data-element_type=\"column\" data-e-type=\"column\">\n\t\t\t<div class=\"elementor-widget-wrap elementor-element-populated\">\n\t\t\t\t\t\t<div class=\"elementor-element elementor-element-fd44e1c elementor-widget elementor-widget-industroz-toggle\" data-id=\"fd44e1c\" data-element_type=\"widget\" data-e-type=\"widget\" data-widget_type=\"industroz-toggle.default\">\n\t\t\t\t<div class=\"elementor-widget-container\">\n\t\t\t\t\t\t\t\n\t\t<div class=\"wt-accordion acc-bg-gray\" id=\"accordion5\">\n\t\t\t\t\t\t\t\t<div class=\"panel wt-panel\">\n\t\t\t\t\t\t<div class=\"acod-head acc-actives\">\n\t\t\t\t\t\t\t<h4 class=\"acod-title\">\n\t\t\t\t\t\t\t\t<a data-toggle=\"collapse\" href=\"#collapse-0\" class=\"\" data-parent=\"#accordion5\" >\n\t\t\t\t\t\t\t\t   What is your terms of payment?<span class=\"indicator\"><i class=\"fa fa-plus\"><\/i><\/span>\n\t\t\t\t\t\t\t\t<\/a>\n\t\t\t\t\t\t\t<\/h4>\n\t\t\t\t\t\t<\/div>\n\t\t\t\t\t\t<div id=\"collapse-0\" class=\"acod-body collapse show bg-gray\">\n\t\t\t\t\t\t\t<div class=\"acod-content p-a15\"><p>Payment normally by TT or LC . or we can discuss if you have other payment choice.<\/p><\/div>\n\t\t\t\t\t\t<\/div>\n\t\t\t\t\t<\/div>\t\n\t\t\t\t\t\t\t\t\t\t<div class=\"panel wt-panel\">\n\t\t\t\t\t\t<div class=\"acod-head \">\n\t\t\t\t\t\t\t<h4 class=\"acod-title\">\n\t\t\t\t\t\t\t\t<a data-toggle=\"collapse\" href=\"#collapse-1\" class=\"collapsed\" data-parent=\"#accordion5\" >\n\t\t\t\t\t\t\t\t   Can I buy one or two pieces of samples for testing your produces?<span class=\"indicator\"><i class=\"fa fa-plus\"><\/i><\/span>\n\t\t\t\t\t\t\t\t<\/a>\n\t\t\t\t\t\t\t<\/h4>\n\t\t\t\t\t\t<\/div>\n\t\t\t\t\t\t<div id=\"collapse-1\" class=\"acod-body collapse  bg-gray\">\n\t\t\t\t\t\t\t<div class=\"acod-content p-a15\"><p>Yes,We are pleased to provide samples and we guarantee the quality of our products.<\/p><\/div>\n\t\t\t\t\t\t<\/div>\n\t\t\t\t\t<\/div>\t\n\t\t\t\t\t\t\t\t\t\t<div class=\"panel wt-panel\">\n\t\t\t\t\t\t<div class=\"acod-head \">\n\t\t\t\t\t\t\t<h4 class=\"acod-title\">\n\t\t\t\t\t\t\t\t<a data-toggle=\"collapse\" href=\"#collapse-2\" class=\"collapsed\" data-parent=\"#accordion5\" >\n\t\t\t\t\t\t\t\t   Can you OEM production?<span class=\"indicator\"><i class=\"fa fa-plus\"><\/i><\/span>\n\t\t\t\t\t\t\t\t<\/a>\n\t\t\t\t\t\t\t<\/h4>\n\t\t\t\t\t\t<\/div>\n\t\t\t\t\t\t<div id=\"collapse-2\" class=\"acod-body collapse  bg-gray\">\n\t\t\t\t\t\t\t<div class=\"acod-content p-a15\"><p>Yes, we can customize the production according to the drawings.<\/p><\/div>\n\t\t\t\t\t\t<\/div>\n\t\t\t\t\t<\/div>\t\n\t\t\t\t\t\t\t\t\t\t<div class=\"panel wt-panel\">\n\t\t\t\t\t\t<div class=\"acod-head \">\n\t\t\t\t\t\t\t<h4 class=\"acod-title\">\n\t\t\t\t\t\t\t\t<a data-toggle=\"collapse\" href=\"#collapse-3\" class=\"collapsed\" data-parent=\"#accordion5\" >\n\t\t\t\t\t\t\t\t   Do you test all your goods before delivery?<span class=\"indicator\"><i class=\"fa fa-plus\"><\/i><\/span>\n\t\t\t\t\t\t\t\t<\/a>\n\t\t\t\t\t\t\t<\/h4>\n\t\t\t\t\t\t<\/div>\n\t\t\t\t\t\t<div id=\"collapse-3\" class=\"acod-body collapse  bg-gray\">\n\t\t\t\t\t\t\t<div class=\"acod-content p-a15\"><p>Yes, we have 100% test before delivery.<\/p><\/div>\n\t\t\t\t\t\t<\/div>\n\t\t\t\t\t<\/div>\t\n\t\t\t\t\t\t\t\t\t\t<div class=\"panel wt-panel\">\n\t\t\t\t\t\t<div class=\"acod-head \">\n\t\t\t\t\t\t\t<h4 class=\"acod-title\">\n\t\t\t\t\t\t\t\t<a data-toggle=\"collapse\" href=\"#collapse-4\" class=\"collapsed\" data-parent=\"#accordion5\" >\n\t\t\t\t\t\t\t\t   Are you trading company or manufacturer?<span class=\"indicator\"><i class=\"fa fa-plus\"><\/i><\/span>\n\t\t\t\t\t\t\t\t<\/a>\n\t\t\t\t\t\t\t<\/h4>\n\t\t\t\t\t\t<\/div>\n\t\t\t\t\t\t<div id=\"collapse-4\" class=\"acod-body collapse  bg-gray\">\n\t\t\t\t\t\t\t<div class=\"acod-content p-a15\"><p>We are a manufacturer with our own factory.Office in Shanghai.We have more than 8 year\u2019s experiences in producing suspended platforms scaffolding.<\/p><\/div>\n\t\t\t\t\t\t<\/div>\n\t\t\t\t\t<\/div>\t\n\t\t\t\t\t\t\t\t\t\t<div class=\"panel wt-panel\">\n\t\t\t\t\t\t<div class=\"acod-head \">\n\t\t\t\t\t\t\t<h4 class=\"acod-title\">\n\t\t\t\t\t\t\t\t<a data-toggle=\"collapse\" href=\"#collapse-5\" class=\"collapsed\" data-parent=\"#accordion5\" >\n\t\t\t\t\t\t\t\t   What materials do you use when producing suspended platforms?<span class=\"indicator\"><i class=\"fa fa-plus\"><\/i><\/span>\n\t\t\t\t\t\t\t\t<\/a>\n\t\t\t\t\t\t\t<\/h4>\n\t\t\t\t\t\t<\/div>\n\t\t\t\t\t\t<div id=\"collapse-5\" class=\"acod-body collapse  bg-gray\">\n\t\t\t\t\t\t\t<div class=\"acod-content p-a15\"><p>The materials we use are aluminum alloy; hot-dip galvanized steel and painted steel.Aluminum is the most popular.<\/p><\/div>\n\t\t\t\t\t\t<\/div>\n\t\t\t\t\t<\/div>\t\n\t\t\t\t\t\t\t\t\t\t<div class=\"panel wt-panel\">\n\t\t\t\t\t\t<div class=\"acod-head \">\n\t\t\t\t\t\t\t<h4 class=\"acod-title\">\n\t\t\t\t\t\t\t\t<a data-toggle=\"collapse\" href=\"#collapse-6\" class=\"collapsed\" data-parent=\"#accordion5\" >\n\t\t\t\t\t\t\t\t   Can I have a visit to your factory before the order?<span class=\"indicator\"><i class=\"fa fa-plus\"><\/i><\/span>\n\t\t\t\t\t\t\t\t<\/a>\n\t\t\t\t\t\t\t<\/h4>\n\t\t\t\t\t\t<\/div>\n\t\t\t\t\t\t<div id=\"collapse-6\" class=\"acod-body collapse  bg-gray\">\n\t\t\t\t\t\t\t<div class=\"acod-content p-a15\"><p>Why not.Welcome to my factory. You may contact us before you visit, our sales personnel will provide you a full assistance.<\/p><\/div>\n\t\t\t\t\t\t<\/div>\n\t\t\t\t\t<\/div>\t\n\t\t\t\t\t\t\t<\/div>\n\t\t\t\t\t\t<\/div>\n\t\t\t\t<\/div>\n\t\t\t\t\t<\/div>\n\t\t<\/div>\n\t\t\t\t<div class=\"elementor-column elementor-col-33 elementor-top-column elementor-element elementor-element-96d522c\" data-id=\"96d522c\" data-element_type=\"column\" data-e-type=\"column\">\n\t\t\t<div class=\"elementor-widget-wrap elementor-element-populated\">\n\t\t\t\t\t\t<div class=\"elementor-element elementor-element-23e33da elementor-widget elementor-widget-industroz-sidebar\" data-id=\"23e33da\" data-element_type=\"widget\" data-e-type=\"widget\" data-widget_type=\"industroz-sidebar.default\">\n\t\t\t\t<div class=\"elementor-widget-container\">\n\t\t\t\t\t\t\t\n\t\t<div class=\"rightSidebar\">\n\t\t\t<aside class=\"side-bar\">\n\t\t\t\t<div id=\"block-17\" class=\"widget widget_block sidebar-widget industroz-widget p-a30\"><!-- \u5916\u8d38\u8be2\u76d8\u7cfb\u7edf -->\n<div id=\"c2\">\n    \u586b\u5199\u6211\u7684 <a href=\"https:\/\/v3.forms.la\/app\/form?id=733DRw\" target=\"_blank\" rel=\"noopener\">\u5728\u7ebf\u8868\u5355<\/a>.\n<\/div>\n<script type=\"text\/javascript\">\n    (function(d, t) {\n        var s = d.createElement(t), options = {\n            'id': '733DRw',\n            'container': 'c2',\n            'height': '417px',\n            'form': '\/\/v3.forms.la\/app\/embed'\n        };\n        s.type= 'text\/javascript';\n        s.src = '\/\/v3.forms.la\/static_files\/js\/form.widget.js';\n        s.onload = s.onreadystatechange = function() {\n            var rs = this.readyState; if (rs) if (rs != 'complete') if (rs != 'loaded') return;\n            try { (new EasyForms()).initialize(options).display() } catch (e) { }\n        };\n        var scr = d.getElementsByTagName(t)[0], par = scr.parentNode; par.insertBefore(s, scr);\n    })(document, 'script');\n<\/script>\n<!-- End \u5916\u8d38\u8be2\u76d8\u7cfb\u7edf --><\/div><div id=\"nav_menu-11\" class=\"widget widget_nav_menu sidebar-widget industroz-widget p-a30\"><h4 class=\"widget-title\">Product<\/h4><div class=\"menu-products-container\"><ul id=\"menu-products\" class=\"menu\"><li id=\"menu-item-5943\" class=\"menu-item menu-item-type-taxonomy menu-item-object-product_cat menu-item-5943\"><a href=\"https:\/\/www.buildinglift.com\/cs\/kategorie-produktu\/zavesena-platforma\/\">Suspended Platform<\/a><\/li>\n<li id=\"menu-item-5940\" class=\"menu-item menu-item-type-taxonomy menu-item-object-product_cat menu-item-5940\"><a href=\"https:\/\/www.buildinglift.com\/cs\/kategorie-produktu\/stavebni-minijerab\/\">Construction mini Crane<\/a><\/li>\n<li id=\"menu-item-5941\" class=\"menu-item menu-item-type-taxonomy menu-item-object-product_cat menu-item-5941\"><a href=\"https:\/\/www.buildinglift.com\/cs\/kategorie-produktu\/nuzkovy-vytah\/\">Elevator Scissor Lift<\/a><\/li>\n<li id=\"menu-item-5942\" class=\"menu-item menu-item-type-taxonomy menu-item-object-product_cat menu-item-5942\"><a href=\"https:\/\/www.buildinglift.com\/cs\/kategorie-produktu\/stroj-na-zvedani-skla\/\">Glass lifting machine<\/a><\/li>\n<\/ul><\/div><\/div>\t\t\t<\/aside>\n\t\t<\/div>\n\t\t\t\t\t\t<\/div>\n\t\t\t\t<\/div>\n\t\t\t\t\t<\/div>\n\t\t<\/div>\n\t\t\t\t\t<\/div>\n\t\t<\/section>\n\t\t\t\t<\/div>\n\t\t","protected":false},"excerpt":{"rendered":"<p>Frequently Asked Questions? Find informative answers to all your questions below. What is your terms of payment? Payment normally by TT or LC . or we can discuss if you have other payment choice. Can I buy one or two pieces of samples for testing your produces? Yes,We are pleased to provide samples and we [&hellip;]<\/p>\n","protected":false},"author":3,"featured_media":0,"parent":0,"menu_order":0,"comment_status":"closed","ping_status":"closed","template":"","meta":{"footnotes":""},"class_list":["post-217","page","type-page","status-publish","hentry"],"acf":[],"_links":{"self":[{"href":"https:\/\/www.buildinglift.com\/cs\/wp-json\/wp\/v2\/pages\/217","targetHints":{"allow":["GET"]}}],"collection":[{"href":"https:\/\/www.buildinglift.com\/cs\/wp-json\/wp\/v2\/pages"}],"about":[{"href":"https:\/\/www.buildinglift.com\/cs\/wp-json\/wp\/v2\/types\/page"}],"author":[{"embeddable":true,"href":"https:\/\/www.buildinglift.com\/cs\/wp-json\/wp\/v2\/users\/3"}],"replies":[{"embeddable":true,"href":"https:\/\/www.buildinglift.com\/cs\/wp-json\/wp\/v2\/comments?post=217"}],"version-history":[{"count":0,"href":"https:\/\/www.buildinglift.com\/cs\/wp-json\/wp\/v2\/pages\/217\/revisions"}],"wp:attachment":[{"href":"https:\/\/www.buildinglift.com\/cs\/wp-json\/wp\/v2\/media?parent=217"}],"curies":[{"name":"wp","href":"https:\/\/api.w.org\/{rel}","templated":true}]}}